{"id":2686,"date":"2023-07-22T13:24:17","date_gmt":"2023-07-22T13:24:17","guid":{"rendered":"https:\/\/www.ancientgilgal.com\/lahjoita\/"},"modified":"2023-09-06T15:37:01","modified_gmt":"2023-09-06T15:37:01","slug":"lahjoita","status":"publish","type":"page","link":"https:\/\/www.ancientgilgal.com\/fi\/lahjoita\/","title":{"rendered":"Lahjoita"},"content":{"rendered":"<style>.kb-row-layout-id2686_5bf54a-8f > .kt-row-column-wrap{align-content:start;}:where(.kb-row-layout-id2686_5bf54a-8f > .kt-row-column-wrap) > .wp-block-kadence-column{justify-content:start;}.kb-row-layout-id2686_5bf54a-8f > .kt-row-column-wrap{column-gap:var(--global-kb-gap-md, 2rem);row-gap:var(--global-kb-gap-md, 2rem);max-width:var( --global-content-width, 1290px );padding-left:var(--global-content-edge-padding);padding-right:var(--global-content-edge-padding);padding-top:var(--global-kb-spacing-5xl, 10rem);padding-bottom:var(--global-kb-spacing-xl, 4rem);grid-template-columns:minmax(0, 1fr) minmax(0, 2fr);}.kb-row-layout-id2686_5bf54a-8f > .kt-row-layout-overlay{opacity:0.30;}@media all and (max-width: 1024px){.kb-row-layout-id2686_5bf54a-8f > .kt-row-column-wrap{padding-top:var(--global-kb-spacing-xxl, 5rem);grid-template-columns:minmax(0, 1fr) minmax(0, 2fr);}}@media all and (max-width: 767px){.kb-row-layout-id2686_5bf54a-8f > .kt-row-column-wrap{padding-top:var(--global-kb-spacing-lg, 3rem);grid-template-columns:minmax(0, 1fr);}}<\/style><div class=\"kb-row-layout-wrap kb-row-layout-id2686_5bf54a-8f alignfull wp-block-kadence-rowlayout\"><div class=\"kt-row-column-wrap kt-has-2-columns kt-row-layout-right-golden kt-tab-layout-inherit kt-mobile-layout-row kt-row-valign-top kb-theme-content-width\">\n<style>.kadence-column2686_8693eb-3d > .kt-inside-inner-col,.kadence-column2686_8693eb-3d > .kt-inside-inner-col:before{border-top-left-radius:0px;border-top-right-radius:0px;border-bottom-right-radius:0px;border-bottom-left-radius:0px;}.kadence-column2686_8693eb-3d > .kt-inside-inner-col{column-gap:var(--global-kb-gap-sm, 1rem);}.kadence-column2686_8693eb-3d > .kt-inside-inner-col{flex-direction:column;}.kadence-column2686_8693eb-3d > .kt-inside-inner-col > .aligncenter{width:100%;}.kadence-column2686_8693eb-3d > .kt-inside-inner-col:before{opacity:0.3;}.kadence-column2686_8693eb-3d{position:relative;}@media all and (max-width: 1024px){.kadence-column2686_8693eb-3d > .kt-inside-inner-col{flex-direction:column;justify-content:center;}}@media all and (max-width: 767px){.kadence-column2686_8693eb-3d > .kt-inside-inner-col{flex-direction:column;justify-content:center;}}<\/style>\n<div class=\"wp-block-kadence-column kadence-column2686_8693eb-3d\"><div class=\"kt-inside-inner-col\"><style>.kb-image2686_fb74da-ef .kb-image-has-overlay:after{opacity:0.3;border-top-left-radius:0.5rem;border-top-right-radius:0.5rem;border-bottom-right-radius:0.5rem;border-bottom-left-radius:0.5rem;}.kb-image2686_fb74da-ef img.kb-img, .kb-image2686_fb74da-ef .kb-img img{border-top-left-radius:0.5rem;border-top-right-radius:0.5rem;border-bottom-right-radius:0.5rem;border-bottom-left-radius:0.5rem;filter:drop-shadow(0px 0px 12px rgba(0, 0, 0, 0.2));}<\/style>\n<figure class=\"wp-block-kadence-image kb-image2686_fb74da-ef size-full\"><img loading=\"lazy\" decoding=\"async\" width=\"832\" height=\"832\" src=\"https:\/\/www.ancientgilgal.com\/wp-content\/uploads\/2023\/07\/give-square.jpg\" alt=\"Hands holding red heart\" class=\"kb-img wp-image-1547\" srcset=\"https:\/\/www.ancientgilgal.com\/wp-content\/uploads\/2023\/07\/give-square.jpg 832w, https:\/\/www.ancientgilgal.com\/wp-content\/uploads\/2023\/07\/give-square-300x300.jpg 300w, https:\/\/www.ancientgilgal.com\/wp-content\/uploads\/2023\/07\/give-square-150x150.jpg 150w, https:\/\/www.ancientgilgal.com\/wp-content\/uploads\/2023\/07\/give-square-768x768.jpg 768w, https:\/\/www.ancientgilgal.com\/wp-content\/uploads\/2023\/07\/give-square-200x200.jpg 200w\" sizes=\"auto, (max-width: 832px) 100vw, 832px\" \/><\/figure>\n<\/div><\/div>\n\n\n<style>.kadence-column2686_f15950-23 > .kt-inside-inner-col,.kadence-column2686_f15950-23 > .kt-inside-inner-col:before{border-top-left-radius:0px;border-top-right-radius:0px;border-bottom-right-radius:0px;border-bottom-left-radius:0px;}.kadence-column2686_f15950-23 > .kt-inside-inner-col{column-gap:var(--global-kb-gap-sm, 1rem);}.kadence-column2686_f15950-23 > .kt-inside-inner-col{flex-direction:column;}.kadence-column2686_f15950-23 > .kt-inside-inner-col > .aligncenter{width:100%;}.kadence-column2686_f15950-23 > .kt-inside-inner-col:before{opacity:0.3;}.kadence-column2686_f15950-23{position:relative;}@media all and (max-width: 1024px){.kadence-column2686_f15950-23 > .kt-inside-inner-col{flex-direction:column;justify-content:center;}}@media all and (max-width: 767px){.kadence-column2686_f15950-23 > .kt-inside-inner-col{flex-direction:column;justify-content:center;}}<\/style>\n<div class=\"wp-block-kadence-column kadence-column2686_f15950-23\"><div class=\"kt-inside-inner-col\">\n\t<div id=\"give-form-2684-wrap\" class=\"give-form-wrap give-display-onpage give-recurring-form-wrap give-recurring-form-donor\">\n\t\t\t\t\t<form id=\"give-form-2684-1\" class=\"give-form give-form-2684 give-form-type-multi give-recurring-form\" action=\"https:\/\/www.ancientgilgal.com\/fi\/wp-json\/wp\/v2\/pages\/2686\/?payment-mode=stripe&form-id=2684\" data-id=\"2684-1\" data-currency_symbol=\"&#36;\" data-currency_code=\"USD\" data-currency_position=\"before\" data-thousands_separator=\",\" data-decimal_separator=\".\" data-number_decimals=\"2\" data-publishable-key=\"pk_live_51ObmwOEoRN7jCxkXxJVWjbP7Kxba2bhDPoA9j3a1hAsu2yAI8z5kmuuRHtLh9K2PFNDJDtMV8qYwCjCWXV4X4k4I00jShJ6sy9\" data-account=\"acct_1ObmwOEoRN7jCxkX\" method=\"post\">\n\t\t\t\t<!-- The following field is for robots only, invisible to humans: -->\n\t\t\t\t<span class=\"give-hidden\" style=\"display: none !important;\">\n\t\t\t\t\t<label for=\"give-form-honeypot-2684\"><\/label>\n\t\t\t\t\t<input id=\"give-form-honeypot-2684\" type=\"text\" name=\"give-honeypot\"\n\t\t\t\t\t\t   class=\"give-honeypot give-hidden\"\/>\n\t\t\t\t<\/span>\n\n\t\t\t\t\t<input type=\"hidden\" name=\"give-form-id-prefix\" value=\"2684-1\"\/>\n\t<input type=\"hidden\" name=\"give-form-id\" value=\"2684\"\/>\n\t<input type=\"hidden\" name=\"give-form-title\" value=\"Lahjoita ylistystelttaa varten Israelin portilla\"\/>\n\t<input type=\"hidden\" name=\"give-current-url\" value=\"https:\/\/www.ancientgilgal.com\/fi\/wp-json\/wp\/v2\/pages\/2686\/\"\/>\n\t<input type=\"hidden\" name=\"give-form-url\" value=\"https:\/\/www.ancientgilgal.com\/fi\/wp-json\/wp\/v2\/pages\/2686\/\"\/>\n\t\t\t<input type=\"hidden\" name=\"give-form-minimum\"\n\t\t\t   value=\"8.00\"\/>\n\t\t<input type=\"hidden\" name=\"give-form-maximum\"\n\t\t\t   value=\"999999.99\"\/>\n\t\t<input type=\"hidden\"  name=\"give-form-hash\" value=\"1d016b945d\" data-time=\"1777304972\" data-nonce-life=\"86400\" data-donor-session=\"0\"\/><input type=\"hidden\" name=\"give-price-id\" value=\"2\"\/>\t<input type=\"hidden\" name=\"give-recurring-logged-in-only\"\n\t\t   class=\"give-recurring-logged-in-only\"\n\t\t   value=\"\"\/>\n\n\t<input type=\"hidden\" name=\"give-logged-in-only\"\n\t\t   class=\"give-logged-in-only\"\n\t\t   value=\"1\"\/>\n<input\n\t\t\t\t\ttype=\"hidden\"\n\t\t\t\t\tname=\"_give_is_donation_recurring\"\n\t\t\t\t\tclass=\"_give_is_donation_recurring\"\n\t\t\t\t\tid=\"_give_is_donation_recurring\"\n\t\t\t\t\tvalue=\"0\"\n\t\t\t\t\tdata-_give_recurring=\"yes_donor\"\n\t\t\t\t\tdata-_give_checkbox_default=\"no\"\n                    data-_give_price_option=\"\"\n                \/><input\n\t\t\t\t\ttype=\"hidden\"\n\t\t\t\t\tname=\"give_recurring_donation_details\"\n\t\t\t\t\tclass=\"give_recurring_donation_details\"\n\t\t\t\t\tid=\"give_recurring_donation_details\"\n\t\t\t\t\tvalue=\"{&quot;give_recurring_option&quot;:&quot;yes_donor&quot;}\"\n                \/><div class=\"form-row form-row-wide ffm-field-container give-form-headline\" data-field-type=\"checkbox\" data-field-name=\"donation_is_for_the_worship_session\" >\n    <fieldset>\n        <legend class=\"screen-reader-text\">\n            Lahjoitustapa<span class=\"give-tooltip hint--top hint--medium hint--bounce\" aria-label=\"Kun valintaruutu on valittuna, voit lis\u00e4t\u00e4 lis\u00e4\u00e4 henkil\u00f6it\u00e4\" rel=\"tooltip\"><i class=\"give-icon give-icon-question\"><\/i><\/span>        <\/legend>\n        <div class=\"give-label\" aria-hidden=\"true\">\n            Lahjoitustapa<span class=\"give-tooltip hint--top hint--medium hint--bounce\" aria-label=\"Kun valintaruutu on valittuna, voit lis\u00e4t\u00e4 lis\u00e4\u00e4 henkil\u00f6it\u00e4\" rel=\"tooltip\"><i class=\"give-icon give-icon-question\"><\/i><\/span>        <\/div>\n                                <label class=\"give-label\" for=\"give-donation_is_for_the_worship_session-2684-1-0\">\n                <input\n                    type=\"checkbox\"\n                    name=\"donation_is_for_the_worship_session[]\"\n                    id=\"give-donation_is_for_the_worship_session-2684-1-0\"\n                                        value=\"Lahjoitukseni on ryhm&auml;ni Sukkat Jehoshuan ylistyskokousta varten.\"\n                >\n                Lahjoitukseni on ryhm&auml;ni Sukkat Jehoshuan ylistyskokousta varten.            <\/label>\n            <\/fieldset>\n<\/div><div class=\"form-row form-row-wide ffm-field-container give-form-number-of-people\" data-field-type=\"text\" data-field-name=\"number_of_people\" data-field-visibility-conditions=\"[{&quot;type&quot;:&quot;basic&quot;,&quot;field&quot;:&quot;donation_is_for_the_worship_session&quot;,&quot;value&quot;:&quot;Lahjoitukseni on ryhm\\u00e4ni Sukkat Jehoshuan ylistyskokousta varten.&quot;,&quot;strictComparison&quot;:false,&quot;comparisonOperator&quot;:&quot;=&quot;,&quot;logicalOperator&quot;:&quot;and&quot;}]\"><label class=\"give-label\" for=\"give-number_of_people-2684-1\">\n    Henkil\u00f6iden lukum\u00e4\u00e4r\u00e4    <span class=\"give-required-indicator\">\n\t\t<span aria-hidden=\"true\">*<\/span>\n\t\t<span class=\"screen-reader-text\">Required<\/span>\n\t<\/span>\n<\/label>\n<input\n    type=\"text\"\n    name=\"number_of_people\"\n    placeholder=\"\"\n    id=\"give-number_of_people-2684-1\"\n    value=\"\"\n    required    \n    >\n<\/div>\t\t<div class=\"give-total-wrap\">\n\t\t\t<div class=\"give-donation-amount form-row-wide\">\n\t\t\t\t<span class=\"give-currency-symbol give-currency-position-before\">&#036;<\/span>\t\t\t\t<label class=\"give-hidden\" for=\"give-amount\">Donation Amount:<\/label>\n\t\t\t\t<input class=\"give-text-input give-amount-top\" id=\"give-amount\" name=\"give-amount\" type=\"text\" inputmode=\"decimal\"\n\t\t\t\t\t   placeholder=\"\" value=\"50.00\" autocomplete=\"off\">\n\t\t\t\t\t\t\t<\/div>\n\t\t<\/div>\n\t\t<ul id=\"give-donation-level-button-wrap\" class=\"give-donation-levels-wrap give-list-inline\"><li><button type=\"button\" data-price-id=\"0\" class=\"give-donation-level-btn give-btn give-btn-level-0 \" value=\"25.00\" data-default=\"0\">25USD<\/button><\/li><li><button type=\"button\" data-price-id=\"1\" class=\"give-donation-level-btn give-btn give-btn-level-1  give-recurring-level\" value=\"50.00\" data-default=\"0\">50 USD<\/button><\/li><li><button type=\"button\" data-price-id=\"2\" class=\"give-donation-level-btn give-btn give-btn-level-2 give-default-level give-recurring-level\" value=\"50.00\" data-default=\"1\">&#036;50.00<\/button><\/li><li><button type=\"button\" data-price-id=\"3\" class=\"give-donation-level-btn give-btn give-btn-level-3  give-recurring-level\" value=\"75.00\" data-default=\"0\">75 USD<\/button><\/li><li><button type=\"button\" data-price-id=\"5\" class=\"give-donation-level-btn give-btn give-btn-level-5  give-recurring-level\" value=\"100.00\" data-default=\"0\">100 USD<\/button><\/li><li><button type=\"button\" data-price-id=\"6\" class=\"give-donation-level-btn give-btn give-btn-level-6  give-recurring-level\" value=\"250.00\" data-default=\"0\">250 USD<\/button><\/li><li><button type=\"button\" data-price-id=\"7\" class=\"give-donation-level-btn give-btn give-btn-level-7  give-recurring-level\" value=\"500.00\" data-default=\"0\">500 USD<\/button><\/li><li><button type=\"button\" data-price-id=\"8\" class=\"give-donation-level-btn give-btn give-btn-level-8  give-recurring-level\" value=\"1,000.00\" data-default=\"0\">1000 USD<\/button><\/li><li><button type=\"button\" data-price-id=\"custom\" class=\"give-donation-level-btn give-btn give-btn-level-custom\" value=\"custom\">Vapaavalintainen summa<\/button><\/li><\/ul>\t\t\t<input\n\t\t\t\t\ttype=\"hidden\"\n\t\t\t\t\tvalue=\"1\"\n\t\t\t\t\tclass=\"give-fee-disable\"\n\t\t\t\/>\n\t\t\t\t\t\t\t<div class=\"give-fee-total-wrap fee-coverage-required give-fee-message form-row\"\n\t\t\t\t\t id=\"give-fee-recovery-wrap-2684\">\n\t\t\t\t\t<div class=\"give-fee-message-label\" data-feemessage=\"Lis\u00e4ksi ylim\u00e4\u00e4r\u00e4inen {fee_amount} porttimaksujen kattamiseksi\"><span\n\t\t\t\t\t\t\t\tclass=\"give-fee-message-label-text\">Lis\u00e4ksi ylim\u00e4\u00e4r\u00e4inen   porttimaksujen kattamiseksi<\/span><\/div>\n\t\t\t\t<\/div>\n\t\t\t\t\t<div class=\"give-recurring-donors-choice\">\n\t\t<input id=\"give-admin_choice-2684\" class=\"give-recurring-period\" name=\"give-recurring-period\" type=\"checkbox\" data-period-label=\"Kuukausittain\" data-period=\"month\" data-interval=\"1\"  \/> <label for=\"give-admin_choice-2684\">Tee t\u00e4st\u00e4 jatkuva kuukausittain<\/label>\t<\/div>\n\t<input id=\"give-stripe-payment-method-2684-1\" type=\"hidden\" name=\"give_stripe_payment_method\" value=\"\"><input type=\"hidden\" name=\"give-fee-recovery-settings\" value=\"{&quot;fee_data&quot;:{&quot;all_gateways&quot;:{&quot;percentage&quot;:&quot;2.900000&quot;,&quot;base_amount&quot;:&quot;0.300000&quot;,&quot;give_fee_disable&quot;:false,&quot;give_fee_status&quot;:true,&quot;is_break_down&quot;:true,&quot;maxAmount&quot;:&quot;0&quot;}},&quot;give_fee_status&quot;:true,&quot;give_fee_disable&quot;:false,&quot;is_break_down&quot;:true,&quot;fee_mode&quot;:&quot;forced_opt_in&quot;,&quot;is_fee_mode&quot;:true,&quot;fee_recovery&quot;:true}\" \/>\n\t<fieldset id=\"give-payment-mode-select\">\n\t\t\t\t<legend\n\t\t\tclass=\"give-payment-mode-label\">Select Payment Method\t\t\t<span class=\"give-loading-text\"><span\n\t\t\t\t\tclass=\"give-loading-animation\"><\/span>\n\t\t\t<\/span>\n\t\t<\/legend>\n\n\t\t<div id=\"give-payment-mode-wrap\">\n\t\t\t\t\t\t<ul id=\"give-gateway-radio-list\">\n\t\t\t\t\t\t\t\t\t\t<li class=\"give-gateway-option-selected\">\n\t\t\t\t\t\t\t<input type=\"radio\" name=\"payment-mode\" class=\"give-gateway\"\n\t\t\t\t\t\t\t\t   id=\"give-gateway-stripe-2684-1\"\n\t\t\t\t\t\t\t\t   value=\"stripe\" checked='checked'>\n\t\t\t\t\t\t\t<label for=\"give-gateway-stripe-2684-1\"\n\t\t\t\t\t\t\t\t   class=\"give-gateway-option\"\n\t\t\t\t\t\t\t\t   id=\"give-gateway-option-stripe\"> Stripe - Credit Card<\/label>\n\t\t\t\t\t\t<\/li>\n\t\t\t\t\t\t\t\t\t\t\t\t<li>\n\t\t\t\t\t\t\t<input type=\"radio\" name=\"payment-mode\" class=\"give-gateway\"\n\t\t\t\t\t\t\t\t   id=\"give-gateway-paypal-2684-1\"\n\t\t\t\t\t\t\t\t   value=\"paypal\">\n\t\t\t\t\t\t\t<label for=\"give-gateway-paypal-2684-1\"\n\t\t\t\t\t\t\t\t   class=\"give-gateway-option\"\n\t\t\t\t\t\t\t\t   id=\"give-gateway-option-paypal\"> PayPal<\/label>\n\t\t\t\t\t\t<\/li>\n\t\t\t\t\t\t\t\t\t<\/ul>\n\t\t\t\t\t<\/div>\n\t\t\t<\/fieldset>\n\n\t\n\t<div id=\"give_purchase_form_wrap\">\n\n\t\t\t<fieldset id=\"give_checkout_user_info\" class=\"\">\n\t\t<legend>\n\t\t\tHenkil\u00f6kohtaiset tiedot\t\t<\/legend>\n\n\t\t\n        <p id=\"give-first-name-wrap\" class=\"form-row form-row-first form-row-responsive\">\n            <label class=\"give-label\" for=\"give-first\">\n                Etunimi                                    <span class=\"give-required-indicator\">*<\/span>\n                                <span class=\"give-tooltip hint--top hint--medium hint--bounce\" aria-label=\"First Name is used to personalize your donation record.\" rel=\"tooltip\"><i class=\"give-icon give-icon-question\"><\/i><\/span>            <\/label>\n            <input\n                class=\"give-input required\"\n                type=\"text\"\n                name=\"give_first\"\n                autocomplete=\"given-name\"\n                placeholder=\"Etunimi\"\n                id=\"give-first\"\n                value=\"\"\n                 required aria-required=\"true\"             \/>\n        <\/p>\n\n        <p id=\"give-last-name-wrap\" class=\"form-row form-row-last form-row-responsive\">\n            <label class=\"give-label\" for=\"give-last\">\n                Sukunimi                                <span class=\"give-tooltip hint--top hint--medium hint--bounce\" aria-label=\"Last Name is used to personalize your donation record.\" rel=\"tooltip\"><i class=\"give-icon give-icon-question\"><\/i><\/span>            <\/label>\n\n            <input\n                class=\"give-input\"\n                type=\"text\"\n                name=\"give_last\"\n                autocomplete=\"family-name\"\n                id=\"give-last\"\n                placeholder=\"Sukunimi\"\n                value=\"\"\n                            \/>\n        <\/p>\n\n        \n                <p id=\"give-email-wrap\" class=\"form-row form-row-wide\">\n            <label class=\"give-label\" for=\"give-email\">\n                S\u00e4hk\u00f6postiosoite                                    <span class=\"give-required-indicator\">*<\/span>\n                                    <span class=\"give-tooltip hint--top hint--medium hint--bounce\" aria-label=\"We will send the donation receipt to this address.\" rel=\"tooltip\"><i class=\"give-icon give-icon-question\"><\/i><\/span>            <\/label>\n            <input\n                class=\"give-input required\"\n                type=\"email\"\n                name=\"give_email\"\n                autocomplete=\"email\"\n                placeholder=\"S\u00e4hk\u00f6postiosoite\"\n                id=\"give-email\"\n                value=\"\"\n                 required aria-required=\"true\"             \/>\n\n        <\/p>\n\n        \n\t\t\t\t\t<p id=\"give-comment-wrap\" class=\"form-row form-row-wide\">\n\t\t\t\t<label class=\"give-label\" for=\"give-comment\">\n\t\t\t\t\tKommentti\t\t\t\t\t\t\t\t\t\t<span class=\"give-tooltip hint--top hint--medium hint--bounce\" aria-label=\"Would you like to add a comment to this donation?\" rel=\"tooltip\"><i class=\"give-icon give-icon-question\"><\/i><\/span>\t\t\t\t<\/label>\n\n\t\t\t\t<textarea\n\t\t\t\t\tclass=\"give-input\"\n\t\t\t\t\tname=\"give_comment\"\n\t\t\t\t\tplaceholder=\"J\u00e4t\u00e4 kommentti\"\n\t\t\t\t\tid=\"give-comment\"\n\t\t\t\t\t\t\t\t\t><\/textarea>\n\n\t\t\t<\/p>\n\t\t\t\t        <input type=\"hidden\" id=\"give-braintree-drop-in-nonce\" name=\"give-braintree-drop-in-nonce\"\n               value=\"\" \/>\n        \t<\/fieldset>\n\t\n        <fieldset id=\"give_cc_fields\" class=\"give-do-validate\">\n            <legend>\n                Credit Card Info            <\/legend>\n\n                            <div id=\"give_secure_site_wrapper\">\n                    <span class=\"give-icon padlock\"><\/span>\n                    <span>\n\t\t\t\t\tThis is a secure SSL encrypted payment.\t\t\t\t<\/span>\n                <\/div>\n                            <div id=\"give-card-number-wrap-2684-1\"\n                 class=\"form-row form-row-two-thirds form-row-responsive give-stripe-cc-field-wrap\">\n                <div>\n                    <label for=\"give-card-number-field-2684-1\" class=\"give-label\">\n                        Card Number                        <span class=\"give-required-indicator\">*<\/span>\n                        <span class=\"give-tooltip give-icon give-icon-question\"\n                              data-tooltip=\"The (typically) 16 digits on the front of your credit card.\"><\/span>\n                        <span class=\"card-type\"><\/span>\n                    <\/label>\n                    <div id=\"give-card-number-field-2684-1\"\n                         class=\"input empty give-stripe-cc-field give-stripe-card-number-field\"><\/div>\n                <\/div>\n            <\/div>\n\n            <div id=\"give-card-cvc-wrap-2684-1\"\n                 class=\"form-row form-row-one-third form-row-responsive give-stripe-cc-field-wrap\">\n                <div>\n                    <label for=\"give-card-cvc-field-2684-1\" class=\"give-label\">\n                        CVC                        <span class=\"give-required-indicator\">*<\/span>\n                        <span class=\"give-tooltip give-icon give-icon-question\"\n                              data-tooltip=\"The 3 digit (back) or 4 digit (front) value on your card.\"><\/span>\n                    <\/label>\n                    <div id=\"give-card-cvc-field-2684-1\"\n                         class=\"input empty give-stripe-cc-field give-stripe-card-cvc-field\"><\/div>\n                <\/div>\n            <\/div>\n\n            <div id=\"give-card-name-wrap-2684-1\" class=\"form-row form-row-two-thirds form-row-responsive\">\n                <label for=\"give-card-name-field-2684-1\" class=\"give-label\">\n                    Cardholder Name                    <span class=\"give-required-indicator\">*<\/span>\n                    <span class=\"give-tooltip give-icon give-icon-question\"\n                          data-tooltip=\"The name of the credit card account holder.\"><\/span>\n                <\/label>\n                <input\n                    type=\"text\"\n                    autocomplete=\"off\"\n                    id=\"give-card-name-field-2684-1\"\n                    name=\"card_name\"\n                    class=\"card-name give-input required\"\n                    placeholder=\"Cardholder Name\"\n                \/>\n            <\/div>\n\n            \n            <div id=\"give-card-expiration-wrap-2684-1\"\n                 class=\"card-expiration form-row form-row-one-third form-row-responsive give-stripe-cc-field-wrap\">\n                <div>\n                    <label for=\"give-card-expiration-field-2684-1\" class=\"give-label\">\n                        Expiration                        <span class=\"give-required-indicator\">*<\/span>\n                        <span class=\"give-tooltip give-icon give-icon-question\"\n                              data-tooltip=\"The date your credit card expires, typically on the front of the card.\"><\/span>\n                    <\/label>\n\n                    <div id=\"give-card-expiration-field-2684-1\"\n                         class=\"input empty give-stripe-cc-field give-stripe-card-expiration-field\"><\/div>\n                <\/div>\n            <\/div>\n                    <\/fieldset>\n        <div id=\"give-stripe-payment-errors-2684-1\"><\/div>\t<fieldset id=\"give_purchase_submit\" class=\"give-donation-submit\">\n\t\t\t\t<fieldset id=\"give_mailchimp_2684\" class=\"give-mailchimp-fieldset\">\n\t\t\t<label for=\"give_mailchimp_2684_signup\" class=\"give-mc-optin-label\">\n\t\t\t\t<input\n\t\t\t\t\tname=\"give_mailchimp_signup\"\n\t\t\t\t\tid=\"give_mailchimp_2684_signup\"\n\t\t\t\t\ttype=\"checkbox\" \/>\n\t\t\t\t<span class=\"give-mc-message-text\" style=\"font-weight:normal;\">Tilaa viikoittainen sapattikirjeemme<\/span>\n\t\t\t<\/label>\n\t\t<\/fieldset>\n\t\t\t<p id=\"give-final-total-wrap\" class=\"form-wrap \">\n\t\t\t\t<span class=\"give-donation-total-label\">\n\t\t\tYhteens\u00e4:\t\t<\/span>\n\t\t<span class=\"give-final-total-amount\"\n\t\t\t  data-total=\"50.00\">\n\t\t\t&#36;50.00\t\t<\/span>\n\t\t<span id=\"give-recurring-modal-period-wrap\" class=\"give-hidden\"><span id=\"give-recurring-modal-period\">One Time<\/span><\/span>\t<\/p>\n\t<p class=\"fee-break-down-message fee-break-down-message-2684\" data-breakdowntext=\"{amount} lahjoitus plus {fee_amount} maksujen kattamiseksi.\" style=\"display: none;\">{amount} lahjoitus plus {fee_amount} maksujen kattamiseksi.<\/p>\t<input type=\"hidden\" name=\"give_action\" value=\"purchase\"\/>\n\t<input type=\"hidden\" name=\"give-gateway\" value=\"stripe\"\/>\n\t\t<div class=\"give-submit-button-wrap give-clearfix\">\n\t\t<input type=\"submit\" class=\"give-submit give-btn\" id=\"give-purchase-button\" name=\"give-purchase\"\n\t\t\t   value=\"Lahjoita nyt\" data-before-validation-label=\"Lahjoita nyt\"\/>\n\t\t<span class=\"give-loading-animation\"><\/span>\n\t<\/div>\n\t\t<\/fieldset>\n\t\n\t<\/div>\n\n\t\t\t\t<\/form>\n\n\t\t\t\n\t<\/div><!--end #give-form-2684-->\n\t\n<\/div><\/div>\n\n<\/div><\/div>","protected":false},"excerpt":{"rendered":"","protected":false},"author":1,"featured_media":2587,"parent":0,"menu_order":0,"comment_status":"closed","ping_status":"closed","template":"","meta":{"give_campaign_id":0,"_kad_blocks_custom_css":"","_kad_blocks_head_custom_js":"","_kad_blocks_body_custom_js":"","_kad_blocks_footer_custom_js":"","_kadence_starter_templates_imported_post":false,"_kad_post_transparent":"","_kad_post_title":"hide","_kad_post_layout":"","_kad_post_sidebar_id":"","_kad_post_content_style":"","_kad_post_vertical_padding":"hide","_kad_post_feature":"","_kad_post_feature_position":"","_kad_post_header":false,"_kad_post_footer":false,"_kad_post_classname":"","footnotes":""},"class_list":["post-2686","page","type-page","status-publish","has-post-thumbnail","hentry"],"campaignId":"","taxonomy_info":[],"featured_image_src_large":["https:\/\/www.ancientgilgal.com\/wp-content\/uploads\/2023\/07\/give-1024x444.jpg",1024,444,true],"author_info":{"display_name":"WB","author_link":"https:\/\/www.ancientgilgal.com\/fi\/author\/victor\/"},"comment_info":0,"_links":{"self":[{"href":"https:\/\/www.ancientgilgal.com\/fi\/wp-json\/wp\/v2\/pages\/2686","targetHints":{"allow":["GET"]}}],"collection":[{"href":"https:\/\/www.ancientgilgal.com\/fi\/wp-json\/wp\/v2\/pages"}],"about":[{"href":"https:\/\/www.ancientgilgal.com\/fi\/wp-json\/wp\/v2\/types\/page"}],"author":[{"embeddable":true,"href":"https:\/\/www.ancientgilgal.com\/fi\/wp-json\/wp\/v2\/users\/1"}],"replies":[{"embeddable":true,"href":"https:\/\/www.ancientgilgal.com\/fi\/wp-json\/wp\/v2\/comments?post=2686"}],"version-history":[{"count":2,"href":"https:\/\/www.ancientgilgal.com\/fi\/wp-json\/wp\/v2\/pages\/2686\/revisions"}],"predecessor-version":[{"id":2688,"href":"https:\/\/www.ancientgilgal.com\/fi\/wp-json\/wp\/v2\/pages\/2686\/revisions\/2688"}],"wp:featuredmedia":[{"embeddable":true,"href":"https:\/\/www.ancientgilgal.com\/fi\/wp-json\/wp\/v2\/media\/2587"}],"wp:attachment":[{"href":"https:\/\/www.ancientgilgal.com\/fi\/wp-json\/wp\/v2\/media?parent=2686"}],"curies":[{"name":"wp","href":"https:\/\/api.w.org\/{rel}","templated":true}]}}