{"id":2768,"date":"2023-07-24T16:14:41","date_gmt":"2023-07-24T16:14:41","guid":{"rendered":"https:\/\/www.ancientgilgal.com\/veckovisa-uppdateringar\/"},"modified":"2023-09-12T21:59:36","modified_gmt":"2023-09-12T21:59:36","slug":"veckovisa-uppdateringar","status":"publish","type":"page","link":"https:\/\/www.ancientgilgal.com\/sv\/veckovisa-uppdateringar\/","title":{"rendered":"Veckovisa uppdateringar"},"content":{"rendered":"<style>.kb-row-layout-id1615_25bdb0-7e > .kt-row-column-wrap{align-content:start;}:where(.kb-row-layout-id1615_25bdb0-7e > .kt-row-column-wrap) > .wp-block-kadence-column{justify-content:start;}.kb-row-layout-id1615_25bdb0-7e > .kt-row-column-wrap{column-gap:var(--global-kb-gap-md, 2rem);row-gap:var(--global-kb-gap-md, 2rem);max-width:600px;margin-left:auto;margin-right:auto;padding-top:var(--global-kb-spacing-5xl, 10rem);padding-bottom:var(--global-kb-spacing-5xl, 10rem);grid-template-columns:minmax(0, 1fr);}.kb-row-layout-id1615_25bdb0-7e{background-image:url('https:\/\/www.ancientgilgal.com\/wp-content\/uploads\/2023\/07\/israel-1.jpg');background-size:cover;background-position:center center;background-attachment:scroll;background-repeat:no-repeat;}.kb-row-layout-id1615_25bdb0-7e > .kt-row-layout-overlay{opacity:0.30;}@media all and (max-width: 1024px){.kb-row-layout-id1615_25bdb0-7e > .kt-row-column-wrap{padding-top:var(--global-kb-spacing-3xl, 6.5rem);padding-bottom:var(--global-kb-spacing-3xl, 6.5rem);grid-template-columns:minmax(0, 1fr);}}@media all and (max-width: 767px){.kb-row-layout-id1615_25bdb0-7e > .kt-row-column-wrap{padding-top:var(--global-kb-spacing-xl, 4rem);padding-bottom:var(--global-kb-spacing-xl, 4rem);grid-template-columns:minmax(0, 1fr);}}<\/style><div class=\"kb-row-layout-wrap kb-row-layout-id1615_25bdb0-7e alignfull kt-row-has-bg wp-block-kadence-rowlayout\"><div class=\"kt-row-column-wrap kt-has-1-columns kt-row-layout-equal kt-tab-layout-inherit kt-mobile-layout-row kt-row-valign-top\">\n<style>.kadence-column1615_5e7903-b3 > .kt-inside-inner-col{padding-top:var(--global-kb-spacing-md, 2rem);padding-right:var(--global-kb-spacing-md, 2rem);padding-bottom:var(--global-kb-spacing-xs, 1rem);padding-left:var(--global-kb-spacing-md, 2rem);}.kadence-column1615_5e7903-b3 > .kt-inside-inner-col{box-shadow:2px 2px 14px 0px rgba(0, 0, 0, 0.2);}.kadence-column1615_5e7903-b3 > .kt-inside-inner-col,.kadence-column1615_5e7903-b3 > .kt-inside-inner-col:before{border-top-left-radius:0.5rem;border-top-right-radius:0.5rem;border-bottom-right-radius:0.5rem;border-bottom-left-radius:0.5rem;}.kadence-column1615_5e7903-b3 > .kt-inside-inner-col{column-gap:var(--global-kb-gap-sm, 1rem);}.kadence-column1615_5e7903-b3 > .kt-inside-inner-col{flex-direction:column;}.kadence-column1615_5e7903-b3 > .kt-inside-inner-col > .aligncenter{width:100%;}.kadence-column1615_5e7903-b3 > .kt-inside-inner-col{background-color:rgba(255, 255, 255, 0.85);}.kadence-column1615_5e7903-b3 > .kt-inside-inner-col:before{opacity:0.3;}.kadence-column1615_5e7903-b3{position:relative;}@media all and (max-width: 1024px){.kadence-column1615_5e7903-b3 > .kt-inside-inner-col{flex-direction:column;justify-content:center;}}@media all and (max-width: 767px){.kadence-column1615_5e7903-b3 > .kt-inside-inner-col{padding-top:var(--global-kb-spacing-sm, 1.5rem);padding-right:var(--global-kb-spacing-sm, 1.5rem);padding-bottom:var(--global-kb-spacing-sm, 1.5rem);padding-left:var(--global-kb-spacing-sm, 1.5rem);flex-direction:column;justify-content:center;}}<\/style>\n<div class=\"wp-block-kadence-column kadence-column1615_5e7903-b3\"><div class=\"kt-inside-inner-col\"><style>.wp-block-kadence-advancedheading.kt-adv-heading1615_5ae933-b6, .wp-block-kadence-advancedheading.kt-adv-heading1615_5ae933-b6[data-kb-block=\"kb-adv-heading1615_5ae933-b6\"]{margin-bottom:var(--global-kb-spacing-xxs, 0.5rem);text-align:center;line-height:1;font-style:normal;text-transform:uppercase;}.wp-block-kadence-advancedheading.kt-adv-heading1615_5ae933-b6 mark.kt-highlight, .wp-block-kadence-advancedheading.kt-adv-heading1615_5ae933-b6[data-kb-block=\"kb-adv-heading1615_5ae933-b6\"] mark.kt-highlight{font-style:normal;color:#f76a0c;-webkit-box-decoration-break:clone;box-decoration-break:clone;padding-top:0px;padding-right:0px;padding-bottom:0px;padding-left:0px;}.wp-block-kadence-advancedheading.kt-adv-heading1615_5ae933-b6 img.kb-inline-image, .wp-block-kadence-advancedheading.kt-adv-heading1615_5ae933-b6[data-kb-block=\"kb-adv-heading1615_5ae933-b6\"] img.kb-inline-image{width:150px;vertical-align:baseline;}@media all and (max-width: 767px){.wp-block-kadence-advancedheading.kt-adv-heading1615_5ae933-b6, .wp-block-kadence-advancedheading.kt-adv-heading1615_5ae933-b6[data-kb-block=\"kb-adv-heading1615_5ae933-b6\"]{font-size:1.65rem;text-align:left!important;}}<\/style>\n<h2 class=\"kt-adv-heading1615_5ae933-b6 wp-block-kadence-advancedheading\" data-kb-block=\"kb-adv-heading1615_5ae933-b6\"><strong>Registrera dig f\u00f6r att f\u00e5 v\u00e5ra veckovisa uppdateringar<\/strong><\/h2>\n\n\n<style>.wp-block-kadence-advancedheading.kt-adv-heading1615_a00d1e-55, .wp-block-kadence-advancedheading.kt-adv-heading1615_a00d1e-55[data-kb-block=\"kb-adv-heading1615_a00d1e-55\"]{text-align:center;font-size:var(--global-kb-font-size-lg, 2rem);line-height:1;font-style:normal;text-transform:uppercase;}.wp-block-kadence-advancedheading.kt-adv-heading1615_a00d1e-55 mark.kt-highlight, .wp-block-kadence-advancedheading.kt-adv-heading1615_a00d1e-55[data-kb-block=\"kb-adv-heading1615_a00d1e-55\"] mark.kt-highlight{font-style:normal;color:#f76a0c;-webkit-box-decoration-break:clone;box-decoration-break:clone;padding-top:0px;padding-right:0px;padding-bottom:0px;padding-left:0px;}.wp-block-kadence-advancedheading.kt-adv-heading1615_a00d1e-55 img.kb-inline-image, .wp-block-kadence-advancedheading.kt-adv-heading1615_a00d1e-55[data-kb-block=\"kb-adv-heading1615_a00d1e-55\"] img.kb-inline-image{width:150px;vertical-align:baseline;}@media all and (max-width: 767px){.wp-block-kadence-advancedheading.kt-adv-heading1615_a00d1e-55, .wp-block-kadence-advancedheading.kt-adv-heading1615_a00d1e-55[data-kb-block=\"kb-adv-heading1615_a00d1e-55\"]{font-size:1.35rem;text-align:left!important;}}<\/style>\n<h2 class=\"kt-adv-heading1615_a00d1e-55 wp-block-kadence-advancedheading\" data-kb-block=\"kb-adv-heading1615_a00d1e-55\"><strong>&amp; profetisk undervisning<\/strong><\/h2>\n\n\n\n\n<div class=\"wpcf7 no-js\" id=\"wpcf7-f2843-o1\" lang=\"en-US\" dir=\"ltr\" data-wpcf7-id=\"2843\">\n<div class=\"screen-reader-response\"><p role=\"status\" aria-live=\"polite\" aria-atomic=\"true\"><\/p> <ul><\/ul><\/div>\n<form action=\"\/sv\/wp-json\/wp\/v2\/pages\/2768#wpcf7-f2843-o1\" method=\"post\" class=\"wpcf7-form init\" aria-label=\"Contact form\" novalidate=\"novalidate\" data-status=\"init\">\n<fieldset class=\"hidden-fields-container\"><input type=\"hidden\" name=\"_wpcf7\" value=\"2843\" \/><input type=\"hidden\" name=\"_wpcf7_version\" value=\"6.1.5\" \/><input type=\"hidden\" name=\"_wpcf7_locale\" value=\"en_US\" \/><input type=\"hidden\" name=\"_wpcf7_unit_tag\" value=\"wpcf7-f2843-o1\" \/><input type=\"hidden\" name=\"_wpcf7_container_post\" value=\"0\" \/><input type=\"hidden\" name=\"_wpcf7_posted_data_hash\" value=\"\" \/><input type=\"hidden\" name=\"_wpcf7_recaptcha_response\" value=\"\" \/>\n<\/fieldset>\n<p><label> *E-post<br \/>\n<span class=\"wpcf7-form-control-wrap\" data-name=\"your-email\"><input size=\"40\" maxlength=\"400\" class=\"wpcf7-form-control wpcf7-email wpcf7-validates-as-required wpcf7-text wpcf7-validates-as-email\" aria-required=\"true\" aria-invalid=\"false\" value=\"\" type=\"email\" name=\"your-email\" \/><\/span> <\/label><br \/>\n<label> *F\u00f6rnamn<br \/>\n<span class=\"wpcf7-form-control-wrap\" data-name=\"first-name\"><input size=\"40\" maxlength=\"400\" class=\"wpcf7-form-control wpcf7-text wpcf7-validates-as-required\" aria-required=\"true\" aria-invalid=\"false\" value=\"\" type=\"text\" name=\"first-name\" \/><\/span> <\/label><br \/>\n<label> *Efternamn<br \/>\n<span class=\"wpcf7-form-control-wrap\" data-name=\"last-name\"><input size=\"40\" maxlength=\"400\" class=\"wpcf7-form-control wpcf7-text wpcf7-validates-as-required\" aria-required=\"true\" aria-invalid=\"false\" value=\"\" type=\"text\" name=\"last-name\" \/><\/span> <\/label><br \/>\n<label> *Land<br \/>\n<span class=\"wpcf7-form-control-wrap\" data-name=\"country\"><input size=\"40\" maxlength=\"400\" class=\"wpcf7-form-control wpcf7-text wpcf7-validates-as-required\" aria-required=\"true\" aria-invalid=\"false\" value=\"\" type=\"text\" name=\"country\" \/><\/span> <\/label><br \/>\n<span id=\"wpcf7-69ddfb12dbbe3-wrapper\" class=\"wpcf7-form-control-wrap hp-topic-wrap\" style=\"display:none !important; visibility:hidden !important;\"><input type=\"hidden\" name=\"hp-topic-time-start\" value=\"1776155410\"><input type=\"hidden\" name=\"hp-topic-time-check\" value=\"6\"><input id=\"wpcf7-69ddfb12dbbe3-field\"  placeholder=\"Topic\"  class=\"wpcf7-form-control wpcf7-text\" type=\"text\" name=\"hp-topic\" value=\"\" size=\"40\" tabindex=\"-1\" autocomplete=\"new-password\" \/><\/span><br \/>\n<input class=\"wpcf7-form-control wpcf7-submit has-spinner\" type=\"submit\" value=\"Skicka in\" \/>\n<\/p><div class=\"wpcf7-response-output\" aria-hidden=\"true\"><\/div>\n<\/form>\n<\/div>\n\n<\/div><\/div>\n\n<\/div><\/div>","protected":false},"excerpt":{"rendered":"<p>Registrera dig f\u00f6r att f\u00e5 v\u00e5ra veckovisa uppdateringar &amp; profetisk undervisning<\/p>\n","protected":false},"author":1,"featured_media":0,"parent":0,"menu_order":0,"comment_status":"closed","ping_status":"closed","template":"","meta":{"give_campaign_id":0,"_kad_blocks_custom_css":"","_kad_blocks_head_custom_js":"","_kad_blocks_body_custom_js":"","_kad_blocks_footer_custom_js":"","_kadence_starter_templates_imported_post":false,"_kad_post_transparent":"","_kad_post_title":"hide","_kad_post_layout":"","_kad_post_sidebar_id":"","_kad_post_content_style":"","_kad_post_vertical_padding":"hide","_kad_post_feature":"","_kad_post_feature_position":"","_kad_post_header":false,"_kad_post_footer":false,"_kad_post_classname":"","footnotes":""},"class_list":["post-2768","page","type-page","status-publish","hentry"],"campaignId":"","taxonomy_info":[],"featured_image_src_large":false,"author_info":{"display_name":"WB","author_link":"https:\/\/www.ancientgilgal.com\/sv\/author\/victor\/"},"comment_info":0,"_links":{"self":[{"href":"https:\/\/www.ancientgilgal.com\/sv\/wp-json\/wp\/v2\/pages\/2768","targetHints":{"allow":["GET"]}}],"collection":[{"href":"https:\/\/www.ancientgilgal.com\/sv\/wp-json\/wp\/v2\/pages"}],"about":[{"href":"https:\/\/www.ancientgilgal.com\/sv\/wp-json\/wp\/v2\/types\/page"}],"author":[{"embeddable":true,"href":"https:\/\/www.ancientgilgal.com\/sv\/wp-json\/wp\/v2\/users\/1"}],"replies":[{"embeddable":true,"href":"https:\/\/www.ancientgilgal.com\/sv\/wp-json\/wp\/v2\/comments?post=2768"}],"version-history":[{"count":3,"href":"https:\/\/www.ancientgilgal.com\/sv\/wp-json\/wp\/v2\/pages\/2768\/revisions"}],"predecessor-version":[{"id":2852,"href":"https:\/\/www.ancientgilgal.com\/sv\/wp-json\/wp\/v2\/pages\/2768\/revisions\/2852"}],"wp:attachment":[{"href":"https:\/\/www.ancientgilgal.com\/sv\/wp-json\/wp\/v2\/media?parent=2768"}],"curies":[{"name":"wp","href":"https:\/\/api.w.org\/{rel}","templated":true}]}}